{"id":316,"date":"2022-03-11T18:50:17","date_gmt":"2022-03-11T18:50:17","guid":{"rendered":"https:\/\/obrador.wylearn.com\/?page_id=316"},"modified":"2022-05-05T07:57:06","modified_gmt":"2022-05-05T07:57:06","slug":"politica-de-cookies","status":"publish","type":"page","link":"https:\/\/obrador.wylearn.com\/en\/politica-de-cookies\/","title":{"rendered":"Pol\u00edtica de cookies"},"content":{"rendered":"<p>Una \u201cCookie\u201d es un peque\u00f1o archivo que se almacena en el ordenador del usuario y nos permite reconocerle. El conjunto de \u201ccookies\u201d nos ayuda a mejorar la calidad de nuestra web, permiti\u00e9ndonos controlar qu\u00e9 p\u00e1ginas encuentran nuestros usuarios \u00fatiles y cu\u00e1les no.<\/p>\n\n\n\n<p>Las cookies son esenciales para el funcionamiento de internet, aportando innumerables ventajas en la prestaci\u00f3n de servicios interactivos, facilit\u00e1ndole la navegaci\u00f3n y usabilidad de nuestra web. Tenga en cuenta que las cookies no pueden da\u00f1ar su equipo y que, a cambio, el que est\u00e9n activadas nos ayudan a identificar y resolver los errores.<\/p>\n\n\n\n<p>La informaci\u00f3n que le proporcionamos a continuaci\u00f3n, le ayudar\u00e1 a comprender los diferentes tipos de cookies:<\/p>\n\n\n\n<p>_&nbsp;<strong>Cookies de sesi\u00f3n:&nbsp;<\/strong>son cookies temporales que permanecen en el archivo de cookies de su navegador hasta que abandone la p\u00e1gina web, por lo que ninguna queda registrada en el disco duro del usuario. La informaci\u00f3n obtenida por medio de estas cookies, sirven para analizar pautas de tr\u00e1fico en la web. A la larga, esto nos permite proporcionar una mejor experiencia para mejorar el contenido y facilitando su uso.<\/p>\n\n\n\n<p><strong>_ Cookies permanentes:&nbsp;<\/strong>son almacenadas en el disco duro y nuestra web las lee cada vez que usted realiza una nueva visita. Una web permanente posee una fecha de expiraci\u00f3n determinada. La cookie dejar\u00e1 de funcionar despu\u00e9s de esa fecha.<\/p>\n\n\n\n<p>A continuaci\u00f3n publicamos una relaci\u00f3n de las principales cookies utilizadas en nuestra Web, distinguiendo:<\/p>\n\n\n\n<p><strong>_ Las cookies estrictamente necesarias&nbsp;<\/strong>como por ejemplo, aquellas que sirvan para una correcta navegaci\u00f3n o las que permitan realizar servicios solicitados por el usuario o cookies que sirvan para asegurar que el contenido de la p\u00e1gina web se carga eficazmente.<\/p>\n\n\n\n<p><strong>_ Las cookies de terceros&nbsp;<\/strong>como por ejemplo, las usadas por redes sociales, o por complementos externos de contenido.<\/p>\n\n\n\n<p>_ Las&nbsp;<strong>cookies anal\u00edticas&nbsp;<\/strong>con prop\u00f3sitos de mantenimiento peri\u00f3dico, y en aras de garantizar el mejor servicio posible al usuario, los sitios web\u00b4s hacen uso normalmente de cookies \u201canal\u00edticas\u201d para recopilar datos estad\u00edsticos de la actividad .<\/p>\n\n\n\n<p><strong>RELACI\u00d3N Y DESCRIPCI\u00d3N DE LAS COOKIES QUE UTILIZAMOS EN LA P\u00c1GINA WEB:<\/strong><\/p>\n\n\n\n<p>La tabla que publicamos a continuaci\u00f3n recoge de forma esquematizada las cookies que utilizamos en nuestra p\u00e1gina web:<\/p>\n\n\n\n<figure class=\"wp-block-table\"><table><tbody><tr><td><strong>Cookie<\/strong><\/td><td><strong>Nombre<\/strong><\/td><td><strong>Finalidad \/ M\u00e1s informaci\u00f3n<\/strong><\/td><td><strong>Vencimiento<\/strong><\/td><\/tr><tr><td><strong><a href=\"http:\/\/www.composan-adhesivos.com\/\" target=\"_blank\" rel=\"noreferrer noopener\">www.obradoradhesivos.com<\/a><\/strong><\/td><td>viewed_cookie_policy<\/td><td>Utilizado para que, en sucesivas visitas, el navegador recuerde que este usuario ha&nbsp;aceptado la pol\u00edtica de cookies en este sitio web.<\/td><td>1 a\u00f1o<\/td><\/tr><tr><td><\/td><td>Qtrans_cookie_test<\/td><td>Utilizada por nuestro plugin de traducci\u00f3n de idiomas para comprobar si las cookies est\u00e1n habilitadas para recordar el idioma de navegaci\u00f3n escogido.<\/td><td>Sesi\u00f3n<\/td><\/tr><tr><td><\/td><td>pll_language<\/td><td>Permite y almacena el idioma seleccionado por el usuario en su sesi\u00f3n<\/td><td>1 a\u00f1o<\/td><\/tr><tr><td>Cookies&nbsp; google.com<\/td><td>PREF<\/td><td>El uso de servicios de localizaci\u00f3n como Google Maps implica la instalaci\u00f3n de estas cookies<\/td><td>2 a\u00f1os<\/td><\/tr><tr><td><\/td><td>APISID<\/td><td>Se utilizan para recordar preferencias del usuario durante su navegaci\u00f3n.<\/td><td>2 a\u00f1os<\/td><\/tr><tr><td><\/td><td>SAPISID<\/td><td><\/td><td>2 a\u00f1os<\/td><\/tr><tr><td><\/td><td>SSID<\/td><td>Tambi\u00e9n para el recuento, por parte de google, del n\u00famero de usuarios que utilizan los mapas<\/td><td>2 a\u00f1os<\/td><\/tr><tr><td><\/td><td>NID<\/td><td>Para hacer la publicidad m\u00e1s atractiva<\/td><td>6 meses<\/td><\/tr><tr><td><\/td><td>HSID, SID<\/td><td>Y para proveer de mecanismos de seguridad que eviten el acceso no autorizado a datos de acceso de usuarios o la informaci\u00f3n que \u00e9stos facilitan en formularios de contacto, p.ej.<\/td><td>2 a\u00f1os<\/td><\/tr><tr><td><\/td><td>CONSENT<\/td><td>M\u00e1s informaci\u00f3n sobre las cookies de Google en&nbsp;<a href=\"http:\/\/www.google.com\/intl\/es\/policies\/technologies\/types\"><strong>www.google.com\/intl\/es\/policies\/technologies\/types<\/strong><\/a>&nbsp;(castellano)<\/td><td><\/td><\/tr><\/tbody><\/table><\/figure>\n\n\n\n<p><strong>S<\/strong><\/p>\n\n\n\n<p><strong>Garant\u00edas complementarias \u2013 Gesti\u00f3n de cookies:<\/strong><\/p>\n\n\n\n<p>Como garant\u00eda complementaria a las anteriormente descritas, el registro de las cookies podr\u00e1 estar sujeto a su aceptaci\u00f3n durante la instalaci\u00f3n o puesta al d\u00eda del navegador usado, y esta aceptaci\u00f3n puede en todo momento ser revocada mediante las opciones de configuraci\u00f3n de contenidos y privacidad disponibles.<\/p>\n\n\n\n<p>Muchos navegadores permiten activar un modo privado mediante el cual las cookies se borran siempre despu\u00e9s de su visita. Dependiendo de cada navegador este modo privado, puede tener diferentes nombres. A continuaci\u00f3n encontrar\u00e1 una lista de los navegadores m\u00e1s comunes y los diferentes nombres de este \u201cmodo privado\u201d:<\/p>\n\n\n\n<p><strong>Internet Explorer 8&nbsp;<\/strong>y superior; InPrivate&nbsp;<strong>Safari 2&nbsp;<\/strong>y superior; Navegaci\u00f3n Privada<\/p>\n\n\n\n<p><strong>Opera 10.5&nbsp;<\/strong>y superior; Navegaci\u00f3n Privada&nbsp;<strong>FireFox 3.5&nbsp;<\/strong>y superior; Navegaci\u00f3n Privada&nbsp;<strong>Google Chrome 10&nbsp;<\/strong>y superior; Inc\u00f3gnito<\/p>\n\n\n\n<p><strong>Importante:&nbsp;<\/strong>Por favor, lea atentamente la secci\u00f3n de ayuda de su navegador para conocer m\u00e1s acerca de c\u00f3mo activar el \u201cmodo privado\u201d. Podr\u00e1 seguir visitando nuestra web aunque su navegador est\u00e9 en \u201cmodo privado\u201d,&nbsp;<strong>si bien, su navegaci\u00f3n por nuestra web puede no ser \u00f3ptima y algunas utilidades pueden no funcionar correctamente<\/strong>.<\/p>\n\n\n\n<p>NOTA: la informaci\u00f3n ofrecida es con fecha Diciembre\/2015 y le informamos que con el paso del tiempo puede no resultar exhaustiva, a pesar de que peri\u00f3dicamente la presente pol\u00edtica de cookies es revisada.<\/p>","protected":false},"excerpt":{"rendered":"<p>Una \u201cCookie\u201d es un peque\u00f1o archivo que se almacena en el ordenador del usuario y nos permite reconocerle. El conjunto de \u201ccookies\u201d nos ayuda a mejorar la calidad de nuestra web, permiti\u00e9ndonos controlar qu\u00e9 p\u00e1ginas encuentran nuestros usuarios \u00fatiles y cu\u00e1les no. Las cookies son esenciales para el funcionamiento de internet, aportando innumerables ventajas en [&hellip;]<\/p>","protected":false},"author":1,"featured_media":0,"parent":0,"menu_order":0,"comment_status":"closed","ping_status":"closed","template":"","meta":[],"_links":{"self":[{"href":"https:\/\/obrador.wylearn.com\/en\/wp-json\/wp\/v2\/pages\/316"}],"collection":[{"href":"https:\/\/obrador.wylearn.com\/en\/wp-json\/wp\/v2\/pages"}],"about":[{"href":"https:\/\/obrador.wylearn.com\/en\/wp-json\/wp\/v2\/types\/page"}],"author":[{"embeddable":true,"href":"https:\/\/obrador.wylearn.com\/en\/wp-json\/wp\/v2\/users\/1"}],"replies":[{"embeddable":true,"href":"https:\/\/obrador.wylearn.com\/en\/wp-json\/wp\/v2\/comments?post=316"}],"version-history":[{"count":2,"href":"https:\/\/obrador.wylearn.com\/en\/wp-json\/wp\/v2\/pages\/316\/revisions"}],"predecessor-version":[{"id":1315,"href":"https:\/\/obrador.wylearn.com\/en\/wp-json\/wp\/v2\/pages\/316\/revisions\/1315"}],"wp:attachment":[{"href":"https:\/\/obrador.wylearn.com\/en\/wp-json\/wp\/v2\/media?parent=316"}],"curies":[{"name":"wp","href":"https:\/\/api.w.org\/{rel}","templated":true}]}}