{"id":319,"date":"2022-03-11T18:51:25","date_gmt":"2022-03-11T18:51:25","guid":{"rendered":"https:\/\/obrador.wylearn.com\/?page_id=319"},"modified":"2022-05-05T07:58:03","modified_gmt":"2022-05-05T07:58:03","slug":"aviso-legal","status":"publish","type":"page","link":"https:\/\/obrador.wylearn.com\/en\/aviso-legal\/","title":{"rendered":"Pol\u00edtica de privacidad"},"content":{"rendered":"<p>Denominaci\u00f3n Social:&nbsp;<strong>Obrador Adeshivos<\/strong><\/p>\n\n\n\n<p>Domicilio Social: Crta de Agost, 59 Pol. Ind. Canastell 03690 San Vicente del Raspeig, Alicante<\/p>\n\n\n\n<p>NIF: A03988607<\/p>\n\n\n\n<p>Registro Mercantil de Barcelona, en el Tomo 174 del Libro de Sociedades, Folio 18, Hoja N\u00famero 14921.<\/p>\n\n\n\n<p>E-mail:&nbsp;<a href=\"mailto:comercial@obradoradhesivos.com\">comercial@obradoradhesivos.com<\/a><\/p>\n\n\n\n<p>Nombre de dominio:&nbsp;<a href=\"http:\/\/www.composan-adhesivos.com\/\" target=\"_blank\" rel=\"noreferrer noopener\">obradoradhesivos.com<\/a><\/p>\n\n\n\n<p>De conformidad con lo dispuesto en la Ley Org\u00e1nica 15\/1999, de Protecci\u00f3n de Datos de Car\u00e1cter Personal (LOPD) su normativa de desarrollo, y la LSSICE 34\/2002, de 11 de julio, de la Sociedad de la Informaci\u00f3n y de Comercio Electr\u00f3nico, &nbsp;<strong>Obrador Adhesivos&nbsp; S.A.<\/strong>&nbsp;en cumplimiento de lo dispuesto en el art. 5 y 6 de la LOPD, informa a todos los usuarios&nbsp; que faciliten o vayan a facilitar sus datos personales, que estos ser\u00e1n incorporados en un fichero automatizado que se encuentra debidamente inscrito en la Agencia Espa\u00f1ola de Protecci\u00f3n de Datos.<\/p>\n\n\n\n<p>Los usuarios, aceptan expresamente y de forma libre e inequ\u00edvoca que sus datos personales sean tratados por parte de&nbsp;<strong>Obrador Adhesivos&nbsp; S.A.<\/strong>&nbsp;para realizar las siguientes finalidades:<\/p>\n\n\n\n<ol><li>Remisi\u00f3n de comunicaciones comerciales publicitarias por e-mail, fax, SMS, MMS, comunidades sociales o cualesquier otro medio electr\u00f3nico o f\u00edsico, presente o futuro, que posibilite realizar comunicaci\u00f3n comerciales. Dichas comunicaciones comerciales ser\u00e1n relacionadas sobre productos o servicios ofrecidos por,<strong>&nbsp;Obrador Adhesivos&nbsp; S.A.&nbsp;<\/strong>as\u00ed como por parte de los colaboradores o partners con los que \u00e9ste hubiera alcanzado alg\u00fan acuerdo de promoci\u00f3n comercial entre sus clientes. En este caso, los terceros nunca tendr\u00e1n acceso a los datos personales. En todo caso las comunicaciones comerciales ser\u00e1n realizadas por parte de&nbsp;<strong>Obrador Adhesivos&nbsp; S.A.&nbsp;<\/strong>y ser\u00e1n de productos y servicios relacionados con el sector de&nbsp;<strong>Obrador Adhesivos&nbsp; S.A.<\/strong><\/li><li>Realizar estudios estad\u00edsticos.<\/li><li>Tramitar encargos, solicitudes o cualquier tipo de petici\u00f3n que sea realizada por el usuario a trav\u00e9s de cualquiera de las formas de contacto que se ponen a disposici\u00f3n del usuario en&nbsp;<strong>Obrador Adhesivos&nbsp; S.A.<\/strong><\/li><li>Env\u00edo de la newsletter a aquellos usuarios que se suscriban.<\/li><\/ol>\n\n\n\n<p><strong>Obrador Adhesivos&nbsp; S.A.&nbsp;<\/strong>informa y garantiza expresamente a los usuarios que sus datos personales no ser\u00e1n cedidos en ning\u00fan caso a terceras compa\u00f1\u00edas, y que siempre que fuera a realizarse alg\u00fan tipo de cesi\u00f3n de datos personales, de forma previa, se solicitar\u00eda el consentimiento expreso, informado, e inequ\u00edvoco por parte de los titulares.<\/p>\n\n\n\n<p>Mediante la cumplimentaci\u00f3n y env\u00edo de los correspondientes formularios de esta web, el Usuario acepta y autoriza que sus datos personales sean objeto de tratamiento automatizado por parte de&nbsp;<strong>Obrador Adhesivos&nbsp; S.A.<\/strong>&nbsp;En caso que Ud. incluya en los formularios de esta web, datos de car\u00e1cter personal titularidad de terceras personas deber\u00e1, con car\u00e1cter previo a su inclusi\u00f3n, obtener su consentimiento e informarle de los extremos contenidos en los p\u00e1rrafos anteriores.<\/p>\n\n\n\n<p>Todos los datos solicitados a trav\u00e9s de&nbsp;<strong>Obrador Adhesivos&nbsp; S.A.<\/strong>&nbsp;son obligatorios, ya que son necesarios para la prestaci\u00f3n de un servicio \u00f3ptimo al usuario. En caso de que no sean facilitados todos los datos,&nbsp;<strong>Obrador Adhesivos&nbsp; S.A.&nbsp;<\/strong>no garantiza que la informaci\u00f3n y servicios facilitados sean completamente ajustados a sus necesidades.<\/p>\n\n\n\n<p><strong>Obrador Adhesivos&nbsp; S.A.&nbsp;<\/strong>garantiza en todo caso al usuario el ejercicio de los derechos de acceso, rectificaci\u00f3n, cancelaci\u00f3n, informaci\u00f3n y oposici\u00f3n, en los t\u00e9rminos dispuestos en la legislaci\u00f3n vigente. Por ello, de conformidad con lo dispuesto en la Ley Org\u00e1nica 15\/1999, de Protecci\u00f3n de Datos de Car\u00e1cter Personal (LOPD) podr\u00e1 ejercer sus derechos remitiendo una solicitud expresa, junto a una copia de su DNI, a trav\u00e9s de los siguientes medios:<\/p>\n\n\n\n<ol><li>E-Mail:&nbsp;<a href=\"mailto:comercial@obradoradhesivos.com\">comercial@obradoradhesivos.com<\/a><\/li><\/ol>\n\n\n\n<p>Correo Postal: Crta de Agost, 59 Pol. Ind. Canastell 03690 San Vicente del Raspeig, Alicante<\/p>\n\n\n\n<ol><li>Del mismo modo, el usuario podr\u00e1 darse de baja de cualquiera de los servicios de suscripci\u00f3n facilitados enviando un correo electr\u00f3nico a:&nbsp;<a href=\"mailto:comercial@obradoradhesivos.com\">comercial@obradoradhesivos.com<\/a><\/li><\/ol>\n\n\n\n<p>Del mismo modo,&nbsp;<strong>Obrador Adhesivos&nbsp; S.A..&nbsp;<\/strong>ha adoptado todas las medidas t\u00e9cnicas y de organizaci\u00f3n necesaria para garantizar la seguridad e integridad de los datos de car\u00e1cter personal que trate, as\u00ed como para evitar su p\u00e9rdida, alteraci\u00f3n y\/o acceso por parte de terceros no autorizados.<\/p>\n\n\n\n<p>SEGURIDAD<\/p>\n\n\n\n<p><strong>Obrador Adhesivos&nbsp; S.A.<\/strong>&nbsp;utiliza t\u00e9cnicas de seguridad de la informaci\u00f3n generalmente aceptada en la industria, tales como firewalls, procedimientos de control de acceso y mecanismos criptogr\u00e1ficos, todo ello con el objeto de evitar el acceso no autorizado a los datos. Para lograr estos fines, el usuario\/cliente acepta que el prestador obtenga datos para efectos de la correspondiente autenticaci\u00f3n de los controles de acceso.<\/p>\n\n\n\n<p>PROPIEDAD INDUSTRIAL E INTELECTUAL<\/p>\n\n\n\n<p>Esta web es propiedad de&nbsp;<strong>Obrador Adhesivos&nbsp; S.A.<\/strong>&nbsp;Los derechos de Propiedad Intelectual y derechos de explotaci\u00f3n y reproducci\u00f3n de esta web, de sus p\u00e1ginas, pantallas, la Informaci\u00f3n que contienen, su apariencia y dise\u00f1o, as\u00ed como los v\u00ednculos (\u201chiperlinks\u201d) que se establezcan desde ella a otras p\u00e1ginas web de cualquier sociedad filial y\/o dominada de&nbsp;<strong>Obrador Adhesivos&nbsp; S.A.<\/strong>, son propiedad exclusiva de \u00e9sta, salvo que expresamente se especifique otra cosa. Cualquier denominaci\u00f3n, dise\u00f1o y\/o logotipo, as\u00ed como cualquier producto o servicio ofrecidos y reflejados en esta p\u00e1gina web, son marcas debidamente registradas por&nbsp;<strong>Obrador Adhesivos&nbsp; S.A.<\/strong>, por sus sociedades filiales y\/o dominadas o por terceros. Cualquier uso indebido de las mismas por personas diferentes de su leg\u00edtimo titular y sin el consentimiento expreso e inequ\u00edvoco por parte de \u00e9ste podr\u00e1 ser denunciado y perseguido a trav\u00e9s de todos los medio legales existentes en el Ordenamiento Jur\u00eddico espa\u00f1ol y\/o comunitario.<\/p>\n\n\n\n<p>Los derechos de propiedad intelectual y marcas de terceros est\u00e1n destacados convenientemente y deben ser respetados por todo aqu\u00e9l que acceda a esta p\u00e1gina, no siendo responsabilidad de&nbsp;<strong>Obrador Adhesivos&nbsp; S.A.<\/strong>&nbsp;el uso que el usuario pueda llevar a cabo al respecto, recayendo la responsabilidad exclusiva en su persona.<\/p>\n\n\n\n<p>S\u00f3lo para uso personal y privado se permite descargar los contenidos, copiar o imprimir cualquier p\u00e1gina de esta web. Queda prohibido reproducir, transmitir, modificar o suprimir la informaci\u00f3n, contenido o advertencias de esta web sin la previa autorizaci\u00f3n por escrito de&nbsp;<strong>Obrador Adhesivos&nbsp; S.A.<\/strong><\/p>\n\n\n\n<p>Los contenidos suministrados por&nbsp;<strong>Obrador Adhesivos&nbsp; S.A.<\/strong>&nbsp;est\u00e1n sujetos a los derechos de propiedad intelectual e industrial y son titularidad exclusiva de&nbsp;<strong>Obrador Adhesivos&nbsp; S.A.<\/strong>&nbsp;o de las personas f\u00edsicas o jur\u00eddicas que se informe. Mediante la adquisici\u00f3n de un producto o servicio,&nbsp;<strong>Obrador Adhesivos&nbsp; S.A.<\/strong>&nbsp;no confiere al adquirente ning\u00fan derecho de alteraci\u00f3n, explotaci\u00f3n, reproducci\u00f3n, distribuci\u00f3n o comunicaci\u00f3n p\u00fablica sobre el mismo, reserv\u00e1ndose&nbsp;<strong>Obrador Adhesivos&nbsp; S.A.<\/strong>&nbsp;todos estos derechos. La cesi\u00f3n de los citados derechos precisar\u00e1 el previo consentimiento por escrito por parte del titular de los mismos, de manera que el cliente no podr\u00e1 poner a disposici\u00f3n de terceras personas dichos contenidos.<\/p>\n\n\n\n<p>La propiedad intelectual se extiende, adem\u00e1s del contenido incluido en&nbsp;<strong>Obrador Adhesivos&nbsp; S.A.<\/strong>, a sus gr\u00e1ficos, logotipos, dise\u00f1os, im\u00e1genes y c\u00f3digos fuente utilizado para su programaci\u00f3n.<\/p>\n\n\n\n<p><strong>Obrador Adhesivos&nbsp; S.A.<\/strong>&nbsp;ha obtenido la Informaci\u00f3n y los materiales incluidos en la web de fuentes consideradas como fiables y, si bien se han tomado medidas razonables para asegurarse de que la informaci\u00f3n contenida sea la correcta,&nbsp;<strong>Obrador Adhesivos&nbsp; S.A.<\/strong>&nbsp;no puede garantizar que en todo momento y circunstancia dicha informaci\u00f3n sea exacta, completa, actualizada y, consecuentemente, no debe confiarse en ella como si lo fuera.&nbsp;<strong>Obrador Adhesivos&nbsp; S.A.<\/strong>&nbsp;declina expresamente cualquier responsabilidad por error u omisi\u00f3n en la Informaci\u00f3n contenida en las p\u00e1ginas de esta web.<\/p>\n\n\n\n<p><strong>Obrador Adhesivos&nbsp; S.A.<\/strong>&nbsp;se reserva la facultad de modificar, suspender, cancelar o restringir el contenido de la web, los v\u00ednculos o la informaci\u00f3n obtenida a trav\u00e9s de ella, sin necesidad de previo aviso. \u00c9sta, en ning\u00fan caso, asume responsabilidad alguna como consecuencia de la incorrecta utilizaci\u00f3n de la web que pueda llevar a cabo el usuario, tanto de la informaci\u00f3n como de los servicios en ella contenidos.<\/p>\n\n\n\n<p>En ning\u00fan caso&nbsp;<strong>Obrador Adhesivos&nbsp; S.A.,<\/strong>&nbsp;sus sucursales y\/o centros de trabajo, sus directores y\/o apoderados, empleados y, en general, el personal autorizado ser\u00e1n responsables de cualquier tipo de perjuicio, p\u00e9rdidas, reclamaciones o gastos de ning\u00fan tipo, tanto si proceden, directa o indirectamente, del uso y\/o difusi\u00f3n de la web o de la Informaci\u00f3n adquirida o accedida por o a trav\u00e9s de \u00e9sta, o de sus virus inform\u00e1ticos, de fallos operativos o de interrupciones en el servicio o transmisi\u00f3n o de fallos en la l\u00ednea en el uso de la web, tanto por conexi\u00f3n directa como por v\u00ednculo u otro medio, constituyendo a todos los efectos legales un aviso a cualquier usuario de que estas posibilidades y eventos pueden ocurrir.<\/p>\n\n\n\n<p><strong>Obrador Adhesivos&nbsp; S.A.<\/strong>&nbsp;no se hace responsable de las webs no propias a las que se pueda acceder mediante v\u00ednculos o enlaces (\u201clinks\u201d) o de cualquier contenido puesto a disposici\u00f3n de terceros. Cualquier uso de un v\u00ednculo o acceso a una web no propia ser\u00e1 realizado por voluntad y a riesgo y ventura exclusiva del usuario.&nbsp;<strong>Obrador Adhesivos&nbsp; S.A.<\/strong>&nbsp;no recomienda ni garantiza ninguna de la\/s Informaci\u00f3n\/es obtenida\/s por o a trav\u00e9s de un v\u00ednculo, ni se responsabiliza de ninguna p\u00e9rdida, reclamaci\u00f3n o perjuicio derivado del uso o mal uso de un v\u00ednculo, o de la Informaci\u00f3n obtenida a trav\u00e9s de \u00e9l, incluyendo otros v\u00ednculos o webs, de la interrupci\u00f3n en el servicio o en el acceso, o del intento de usar o usar mal un v\u00ednculo, tanto al conectar a la web de&nbsp;<strong>Obrador Adhesivos&nbsp; S.A.<\/strong>&nbsp;como al acceder a la informaci\u00f3n de otras webs desde la misma.<\/p>\n\n\n\n<p><strong>LEY APLICABLE<\/strong><\/p>\n\n\n\n<p>La ley aplicable en caso de disputa o conflicto de interpretaci\u00f3n de los t\u00e9rminos que conforman esta Pol\u00edtica de Privacidad, as\u00ed como cualquier cuesti\u00f3n relacionada con los servicios de la presente web, ser\u00e1 la ley espa\u00f1ola.<\/p>","protected":false},"excerpt":{"rendered":"<p>Denominaci\u00f3n Social:&nbsp;Obrador Adeshivos Domicilio Social: Crta de Agost, 59 Pol. Ind. Canastell 03690 San Vicente del Raspeig, Alicante NIF: A03988607 Registro Mercantil de Barcelona, en el Tomo 174 del Libro de Sociedades, Folio 18, Hoja N\u00famero 14921. E-mail:&nbsp;comercial@obradoradhesivos.com Nombre de dominio:&nbsp;obradoradhesivos.com De conformidad con lo dispuesto en la Ley Org\u00e1nica 15\/1999, de Protecci\u00f3n de Datos [&hellip;]<\/p>","protected":false},"author":1,"featured_media":0,"parent":0,"menu_order":0,"comment_status":"closed","ping_status":"closed","template":"","meta":[],"_links":{"self":[{"href":"https:\/\/obrador.wylearn.com\/en\/wp-json\/wp\/v2\/pages\/319"}],"collection":[{"href":"https:\/\/obrador.wylearn.com\/en\/wp-json\/wp\/v2\/pages"}],"about":[{"href":"https:\/\/obrador.wylearn.com\/en\/wp-json\/wp\/v2\/types\/page"}],"author":[{"embeddable":true,"href":"https:\/\/obrador.wylearn.com\/en\/wp-json\/wp\/v2\/users\/1"}],"replies":[{"embeddable":true,"href":"https:\/\/obrador.wylearn.com\/en\/wp-json\/wp\/v2\/comments?post=319"}],"version-history":[{"count":2,"href":"https:\/\/obrador.wylearn.com\/en\/wp-json\/wp\/v2\/pages\/319\/revisions"}],"predecessor-version":[{"id":1316,"href":"https:\/\/obrador.wylearn.com\/en\/wp-json\/wp\/v2\/pages\/319\/revisions\/1316"}],"wp:attachment":[{"href":"https:\/\/obrador.wylearn.com\/en\/wp-json\/wp\/v2\/media?parent=319"}],"curies":[{"name":"wp","href":"https:\/\/api.w.org\/{rel}","templated":true}]}}